{"id":906,"date":"2018-01-29T23:05:14","date_gmt":"2018-01-29T22:05:14","guid":{"rendered":"http:\/\/schuetzenkreis23.de\/?page_id=906"},"modified":"2018-02-11T13:42:22","modified_gmt":"2018-02-11T12:42:22","slug":"partnerprogramm","status":"publish","type":"page","link":"https:\/\/schuetzenkreis23.de\/?page_id=906","title":{"rendered":"Partnerprogramm"},"content":{"rendered":"<p><span style=\"font-family: verdana, geneva, sans-serif; color: #3366ff; font-size: 14pt;\"><strong>Langeweile kennen wir nicht!<\/strong><\/span><\/p>\n<p><span style=\"font-family: verdana, geneva, sans-serif; color: #000000;\">Das Partnerprogramm verspricht &#8222;Unterhaltung pur&#8220;. Mit dem Vollblutmusiker &amp; Entertainer Oliver Roth, wird kein Musikwunsch auf der Strecke bleiben. Es ist Party angesagt. Nat\u00fcrlich d\u00fcrfen dabei die Lachmuskeln nicht zu kurz kommen. Nicht zuletzt werden die &#8222;Energieb\u00fcndel&#8220; als Gelsenkirchener Eigengew\u00e4chse bestimmt nicht nur die Damen im Saal verzaubern.<\/span><\/p>\n<p><span style=\"font-family: verdana, geneva, sans-serif;\">Erleben Sie von 10.00 bis 13.00 Uhr einige unbeschwerte und fr\u00f6hliche Stunden im Sportzentrum Sch\u00fcrenkamp.<\/span><\/p>\n<p><span style=\"font-family: verdana, geneva, sans-serif;\">Eintrittskarten zum Preis von 6.- \u20ac k\u00f6nnen Sie direkt hier online unter dem Button &#8218;Bestellungen&#8216; bestellen!<\/span><span style=\"font-family: verdana, geneva, sans-serif;\"><img loading=\"lazy\" decoding=\"async\" class=\"size-medium wp-image-910 alignleft\" src=\"http:\/\/schuetzenkreis23.de\/wp-content\/uploads\/2018\/01\/Energieb\u00fcndel-300x200.jpg\" alt=\"\" width=\"300\" height=\"200\" srcset=\"https:\/\/schuetzenkreis23.de\/wp-content\/uploads\/2018\/01\/Energieb\u00fcndel-300x200.jpg 300w, https:\/\/schuetzenkreis23.de\/wp-content\/uploads\/2018\/01\/Energieb\u00fcndel.jpg 320w\" sizes=\"auto, (max-width: 300px) 100vw, 300px\" \/><\/span><span style=\"font-family: verdana, geneva, sans-serif;\"><img loading=\"lazy\" decoding=\"async\" class=\"wp-image-909 alignleft\" src=\"http:\/\/schuetzenkreis23.de\/wp-content\/uploads\/2018\/01\/oliverroth-neu_640-300x274.jpg\" alt=\"\" width=\"223\" height=\"204\" srcset=\"https:\/\/schuetzenkreis23.de\/wp-content\/uploads\/2018\/01\/oliverroth-neu_640-300x274.jpg 300w, https:\/\/schuetzenkreis23.de\/wp-content\/uploads\/2018\/01\/oliverroth-neu_640.jpg 537w\" sizes=\"auto, (max-width: 223px) 100vw, 223px\" \/><\/span><\/p>\n","protected":false},"excerpt":{"rendered":"<p>Langeweile kennen wir nicht! Das Partnerprogramm verspricht &#8222;Unterhaltung pur&#8220;. Mit dem Vollblutmusiker &amp; Entertainer Oliver Roth, wird kein Musikwunsch auf<\/p>\n","protected":false},"author":4,"featured_media":0,"parent":0,"menu_order":0,"comment_status":"closed","ping_status":"closed","template":"","meta":{"footnotes":""},"class_list":["post-906","page","type-page","status-publish","hentry"],"_links":{"self":[{"href":"https:\/\/schuetzenkreis23.de\/index.php?rest_route=\/wp\/v2\/pages\/906","targetHints":{"allow":["GET"]}}],"collection":[{"href":"https:\/\/schuetzenkreis23.de\/index.php?rest_route=\/wp\/v2\/pages"}],"about":[{"href":"https:\/\/schuetzenkreis23.de\/index.php?rest_route=\/wp\/v2\/types\/page"}],"author":[{"embeddable":true,"href":"https:\/\/schuetzenkreis23.de\/index.php?rest_route=\/wp\/v2\/users\/4"}],"replies":[{"embeddable":true,"href":"https:\/\/schuetzenkreis23.de\/index.php?rest_route=%2Fwp%2Fv2%2Fcomments&post=906"}],"version-history":[{"count":5,"href":"https:\/\/schuetzenkreis23.de\/index.php?rest_route=\/wp\/v2\/pages\/906\/revisions"}],"predecessor-version":[{"id":934,"href":"https:\/\/schuetzenkreis23.de\/index.php?rest_route=\/wp\/v2\/pages\/906\/revisions\/934"}],"wp:attachment":[{"href":"https:\/\/schuetzenkreis23.de\/index.php?rest_route=%2Fwp%2Fv2%2Fmedia&parent=906"}],"curies":[{"name":"wp","href":"https:\/\/api.w.org\/{rel}","templated":true}]}}