{"id":5,"date":"2016-07-20T21:12:05","date_gmt":"2016-07-20T19:12:05","guid":{"rendered":"http:\/\/schuetzenkreis23.de\/?page_id=5"},"modified":"2025-12-28T15:08:14","modified_gmt":"2025-12-28T14:08:14","slug":"startseite","status":"publish","type":"page","link":"https:\/\/schuetzenkreis23.de\/","title":{"rendered":""},"content":{"rendered":"\n<p><\/p>\n\n\n<pre><span style=\"font-size: 24pt; font-family: verdana,geneva,sans-serif;\"><strong>He<\/strong><\/span><span style=\"font-size: 24pt; font-family: verdana,geneva,sans-serif;\"><strong>rzlich willkommen beim Sch\u00fctzenkreis 2300!<\/strong><\/span><\/pre>\n<h3>Wichtige Info<\/h3>\n<p>Ab sofort sind die Ergebnisse der Liga Auflage online. Zu erreichen \u00fcber den Link: Sport\/Wettk\u00e4mpfe\/Liga Auflage!<\/p>\n<h4>\u00a0<\/h4>\n<h3>\u00a0<\/h3>\n<p>\u00a0<\/p>\n<p>\u00a0<\/p>\n<p>\u00a0<\/p>\n<p><iframe loading=\"lazy\" title=\"WSB Sch\u00fctzen sind WERTvoll\" width=\"800\" height=\"450\" src=\"https:\/\/www.youtube.com\/embed\/V0ZOxwElmLk?feature=oembed\" frameborder=\"0\" allow=\"accelerometer; autoplay; clipboard-write; encrypted-media; gyroscope; picture-in-picture; web-share\" referrerpolicy=\"strict-origin-when-cross-origin\" allowfullscreen><\/iframe><\/p>\n<p><span style=\"font-family: helvetica,arial,sans-serif;\">Wir bem\u00fchen uns zurzeit, mit dem Aufbau dieser Homepage, ein transparentes Bild \u00fcber unsere Arbeit, Ansprechpartner in den verschiedenen Gremien und Informationen \u00fcber Aktivit\u00e4ten im Sch\u00fctzenkreis und unseren Vereinen, online zu stellen.<\/span><\/p>\n<p><span style=\"font-family: helvetica,arial,sans-serif;\">Bitte haben sie Verst\u00e4ndnis daf\u00fcr, dass sich diese Seite erst nach und nach vervollst\u00e4ndigen wird.<\/span><\/p>\n<p><span style=\"font-family: helvetica,arial,sans-serif;\">Aber der Anfang ist gemacht, es lohnt sich immer mal wieder reinzuschauen!<\/span><\/p>\n\n\n<p><\/p>\n","protected":false},"excerpt":{"rendered":"<p>Herzlich willkommen beim Sch\u00fctzenkreis 2300! Wichtige Info Ab sofort sind die Ergebnisse der Liga Auflage online. Zu erreichen \u00fcber den<\/p>\n","protected":false},"author":1,"featured_media":0,"parent":0,"menu_order":0,"comment_status":"closed","ping_status":"closed","template":"page-templates\/contact.php","meta":{"footnotes":""},"class_list":["post-5","page","type-page","status-publish","hentry"],"_links":{"self":[{"href":"https:\/\/schuetzenkreis23.de\/index.php?rest_route=\/wp\/v2\/pages\/5","targetHints":{"allow":["GET"]}}],"collection":[{"href":"https:\/\/schuetzenkreis23.de\/index.php?rest_route=\/wp\/v2\/pages"}],"about":[{"href":"https:\/\/schuetzenkreis23.de\/index.php?rest_route=\/wp\/v2\/types\/page"}],"author":[{"embeddable":true,"href":"https:\/\/schuetzenkreis23.de\/index.php?rest_route=\/wp\/v2\/users\/1"}],"replies":[{"embeddable":true,"href":"https:\/\/schuetzenkreis23.de\/index.php?rest_route=%2Fwp%2Fv2%2Fcomments&post=5"}],"version-history":[{"count":64,"href":"https:\/\/schuetzenkreis23.de\/index.php?rest_route=\/wp\/v2\/pages\/5\/revisions"}],"predecessor-version":[{"id":1896,"href":"https:\/\/schuetzenkreis23.de\/index.php?rest_route=\/wp\/v2\/pages\/5\/revisions\/1896"}],"wp:attachment":[{"href":"https:\/\/schuetzenkreis23.de\/index.php?rest_route=%2Fwp%2Fv2%2Fmedia&parent=5"}],"curies":[{"name":"wp","href":"https:\/\/api.w.org\/{rel}","templated":true}]}}