{"id":39,"date":"2016-07-20T21:30:50","date_gmt":"2016-07-20T19:30:50","guid":{"rendered":"http:\/\/schuetzenkreis23.de\/?page_id=39"},"modified":"2019-10-13T15:59:51","modified_gmt":"2019-10-13T13:59:51","slug":"sportparadies","status":"publish","type":"page","link":"https:\/\/schuetzenkreis23.de\/?page_id=39","title":{"rendered":"Sportparadies"},"content":{"rendered":"<p><span style=\"font-family: helvetica,arial,sans-serif; font-size: 12pt;\">Die Schie\u00dfsportanlage wird durch die Vereine des Sch\u00fctzenkreises 2300 betrieben. <\/span><\/p>\n<p>Sie ist eine geschlossene Schie\u00dfsportanlage und bietet folgende Trainings- und Wettkampfm\u00f6glichkeiten:<\/p>\n<ul style=\"list-style-type: square;\">\n<li>27 Schie\u00dfbahnen 10 m f\u00fcr Luftdruckdisziplinen<\/li>\n<li>12 Schie\u00dfbahnen 50m Kleinkaliber<\/li>\n<li>15 Schie\u00dfbahnen 25m Klein- und Gro\u00dfkaliber<\/li>\n<\/ul>\n<p>Nutzungsabsprachen unter:<br \/>\nThomas Timpert<\/p>\n<p>Email :<\/p>\n<p>spopa.timpert.nutzung@gmail.com<\/p>\n<p><a href=\"http:\/\/schuetzenkreis23.de\/wp-content\/uploads\/2019\/10\/An-diesen-Tagen-bleibt-der-Stand-Geschlossen.pdf\">An diesen Tagen bleibt der Stand Geschlossen<\/a> \u00a0 2019<\/p>\n","protected":false},"excerpt":{"rendered":"<p>Die Schie\u00dfsportanlage wird durch die Vereine des Sch\u00fctzenkreises 2300 betrieben. Sie ist eine geschlossene Schie\u00dfsportanlage und bietet folgende Trainings- und<\/p>\n","protected":false},"author":1,"featured_media":0,"parent":18,"menu_order":0,"comment_status":"closed","ping_status":"closed","template":"","meta":{"footnotes":""},"class_list":["post-39","page","type-page","status-publish","hentry"],"_links":{"self":[{"href":"https:\/\/schuetzenkreis23.de\/index.php?rest_route=\/wp\/v2\/pages\/39","targetHints":{"allow":["GET"]}}],"collection":[{"href":"https:\/\/schuetzenkreis23.de\/index.php?rest_route=\/wp\/v2\/pages"}],"about":[{"href":"https:\/\/schuetzenkreis23.de\/index.php?rest_route=\/wp\/v2\/types\/page"}],"author":[{"embeddable":true,"href":"https:\/\/schuetzenkreis23.de\/index.php?rest_route=\/wp\/v2\/users\/1"}],"replies":[{"embeddable":true,"href":"https:\/\/schuetzenkreis23.de\/index.php?rest_route=%2Fwp%2Fv2%2Fcomments&post=39"}],"version-history":[{"count":7,"href":"https:\/\/schuetzenkreis23.de\/index.php?rest_route=\/wp\/v2\/pages\/39\/revisions"}],"predecessor-version":[{"id":1291,"href":"https:\/\/schuetzenkreis23.de\/index.php?rest_route=\/wp\/v2\/pages\/39\/revisions\/1291"}],"up":[{"embeddable":true,"href":"https:\/\/schuetzenkreis23.de\/index.php?rest_route=\/wp\/v2\/pages\/18"}],"wp:attachment":[{"href":"https:\/\/schuetzenkreis23.de\/index.php?rest_route=%2Fwp%2Fv2%2Fmedia&parent=39"}],"curies":[{"name":"wp","href":"https:\/\/api.w.org\/{rel}","templated":true}]}}