{"id":1602,"date":"2024-06-22T19:55:11","date_gmt":"2024-06-22T17:55:11","guid":{"rendered":"https:\/\/schuetzenkreis23.de\/?page_id=1602"},"modified":"2026-04-01T20:28:49","modified_gmt":"2026-04-01T18:28:49","slug":"liga-auflage","status":"publish","type":"page","link":"https:\/\/schuetzenkreis23.de\/?page_id=1602","title":{"rendered":"Liga Auflage"},"content":{"rendered":"\n<p>Herzlich willkommen zur Liga Auflage.<\/p>\n<p>Wir starten 2026 in eine weitere Saison und hoffen, dass sich weitere Vereine und Mannschaften uns anschlie\u00dfen.<\/p>\n<p><strong>Wettkampf-Modus:<\/strong><\/p>\n<p>Jede Mannschaft muss mit mindestens drei (3) Sportlern, kann aber auch mit vier (4) oder f\u00fcnf (5) Sportlern zum festgelegten Wettkampftermin antreten. Alle Sportler treten gleichzeitig zu ihrem Wettkampf an. Ist dies aufgrund der Standkapazit\u00e4ten nicht m\u00f6glich, sollten immer gleich viele Sch\u00fctzen beider Mannschaften auf dem Schie\u00dfstand aktiv sein.<\/p>\n<p>Die Ergebnisse der Sportler werden im Wettkampf-Protokoll eingetragen. Erst wenn alle Sportler einer Mannschaft ihren Wettkampf abgeschlossen haben, werden diese nach ihren erreichten Ergebnissen absteigend sortiert und in den unteren Teil des Wettkampf-Protokolls \u00fcbertragen, in dem die drei besten Sch\u00fctzen eines Vereins als Mannschaft gewertet werden. Ein Vorschie\u00dfen ist nicht zul\u00e4ssig.<\/p>\n<p>Anmeldung \u00fcber die WSB Formulare erforderlich!<\/p>\n<p>Zur <a href=\"http:\/\/schuetzenkreis23.de\/wp-content\/uploads\/2025\/11\/Ausschreibung-zur-Kreisliga-LG-Auflage-des-Schuetzenkreis-2300-fuer-das-Jahr-2026.docx\">Ausschreibung zur Kreisliga LG Auflage des Sch\u00fctzenkreis 2300 f\u00fcr das Jahr 2026<\/a>.<\/p>\n<p><a href=\"http:\/\/schuetzenkreis23.de\/wp-content\/uploads\/2026\/03\/Spielplan-Kreisliga-2026.xlsx\">Spielplan Kreisliga 2026<\/a><\/p>\n<p><a href=\"http:\/\/schuetzenkreis23.de\/wp-content\/uploads\/2026\/04\/Kreisliga-2300-Tabelle-Spieltag-1-01-04-26.pdf\">Kreisliga 2300 Tabelle Spieltag 1 &#8211; 01-04-26<\/a><\/p>\n<p><a href=\"http:\/\/schuetzenkreis23.de\/wp-content\/uploads\/2026\/04\/Kreisliga-2300-Einzel-Ergebnisse-Spieltag-1-01-04-26.pdf\">Kreisliga 2300 Einzel-Ergebnisse Spieltag 1 &#8211; 01-04-26<\/a><\/p>\n<p>\u00a0<\/p>\n<p><strong>Bericht zur Siegerehrung 2025:<\/strong><\/p>\n<p><a href=\"http:\/\/schuetzenkreis23.de\/wp-content\/uploads\/2025\/09\/Kreisliga-Luftgewehr-Auflage-2025-Siegerehrung.docx\">Kreisliga Luftgewehr Auflage 2025 &#8211; Siegerehrung<\/a><\/p>\n<p>\u00a0<\/p>\n","protected":false},"excerpt":{"rendered":"<p>Herzlich willkommen zur Liga Auflage. Wir starten 2026 in eine weitere Saison und hoffen, dass sich weitere Vereine und Mannschaften<\/p>\n","protected":false},"author":4,"featured_media":0,"parent":0,"menu_order":0,"comment_status":"closed","ping_status":"closed","template":"","meta":{"footnotes":""},"class_list":["post-1602","page","type-page","status-publish","hentry"],"_links":{"self":[{"href":"https:\/\/schuetzenkreis23.de\/index.php?rest_route=\/wp\/v2\/pages\/1602","targetHints":{"allow":["GET"]}}],"collection":[{"href":"https:\/\/schuetzenkreis23.de\/index.php?rest_route=\/wp\/v2\/pages"}],"about":[{"href":"https:\/\/schuetzenkreis23.de\/index.php?rest_route=\/wp\/v2\/types\/page"}],"author":[{"embeddable":true,"href":"https:\/\/schuetzenkreis23.de\/index.php?rest_route=\/wp\/v2\/users\/4"}],"replies":[{"embeddable":true,"href":"https:\/\/schuetzenkreis23.de\/index.php?rest_route=%2Fwp%2Fv2%2Fcomments&post=1602"}],"version-history":[{"count":21,"href":"https:\/\/schuetzenkreis23.de\/index.php?rest_route=\/wp\/v2\/pages\/1602\/revisions"}],"predecessor-version":[{"id":1919,"href":"https:\/\/schuetzenkreis23.de\/index.php?rest_route=\/wp\/v2\/pages\/1602\/revisions\/1919"}],"wp:attachment":[{"href":"https:\/\/schuetzenkreis23.de\/index.php?rest_route=%2Fwp%2Fv2%2Fmedia&parent=1602"}],"curies":[{"name":"wp","href":"https:\/\/api.w.org\/{rel}","templated":true}]}}