{"id":12,"date":"2016-07-20T21:24:30","date_gmt":"2016-07-20T19:24:30","guid":{"rendered":"http:\/\/schuetzenkreis23.de\/?page_id=12"},"modified":"2017-05-01T03:14:45","modified_gmt":"2017-05-01T01:14:45","slug":"ueber-uns","status":"publish","type":"page","link":"https:\/\/schuetzenkreis23.de\/?page_id=12","title":{"rendered":"\u00dcber uns"},"content":{"rendered":"<p style=\"text-align: center;\"><span style=\"font-family: helvetica,arial,sans-serif;\"><strong>Wer sind wir?<\/strong><\/span><\/p>\n<p style=\"text-align: center;\"><span style=\"font-family: helvetica,arial,sans-serif;\">Der Westf\u00e4lische Sch\u00fctzenbund 1861 e.V., als einer von 20 Landesverb\u00e4nden des Deutschen Sch\u00fctzenbundes, gliedert sich in Bezirke und Kreise.<\/span><\/p>\n<p style=\"text-align: center;\"><span style=\"font-family: helvetica,arial,sans-serif;\">Der Sch\u00fctzenkreis 2300 ist einer von 34 Kreisen, dem\u00a029 Vereine mit ca. 2.500 Mitgliedern angeschlossen sind.<\/span><\/p>\n<p style=\"text-align: center;\"><span style=\"font-family: helvetica,arial,sans-serif;\">Die Vereine haben ihren Sitz in den St\u00e4dten Gelsenkirchen, Gladbeck, Westerholt, Polsum, Bottrop und Herten.<\/span><\/p>\n<p style=\"text-align: center;\">\u00a0<img loading=\"lazy\" decoding=\"async\" class=\"alignnone size-medium wp-image-483\" src=\"http:\/\/schuetzenkreis23.de\/wp-content\/uploads\/2017\/05\/Kreiswappen2300_NEU-300x300.jpg\" alt=\"kreiswappen2300_neu\" width=\"300\" height=\"300\" srcset=\"https:\/\/schuetzenkreis23.de\/wp-content\/uploads\/2017\/05\/Kreiswappen2300_NEU-300x300.jpg 300w, https:\/\/schuetzenkreis23.de\/wp-content\/uploads\/2017\/05\/Kreiswappen2300_NEU-150x150.jpg 150w, https:\/\/schuetzenkreis23.de\/wp-content\/uploads\/2017\/05\/Kreiswappen2300_NEU-768x768.jpg 768w, https:\/\/schuetzenkreis23.de\/wp-content\/uploads\/2017\/05\/Kreiswappen2300_NEU-1024x1024.jpg 1024w, https:\/\/schuetzenkreis23.de\/wp-content\/uploads\/2017\/05\/Kreiswappen2300_NEU.jpg 1200w\" sizes=\"auto, (max-width: 300px) 100vw, 300px\" \/><\/p>\n","protected":false},"excerpt":{"rendered":"<p>Wer sind wir? Der Westf\u00e4lische Sch\u00fctzenbund 1861 e.V., als einer von 20 Landesverb\u00e4nden des Deutschen Sch\u00fctzenbundes, gliedert sich in Bezirke<\/p>\n","protected":false},"author":1,"featured_media":0,"parent":0,"menu_order":0,"comment_status":"closed","ping_status":"closed","template":"","meta":{"footnotes":""},"class_list":["post-12","page","type-page","status-publish","hentry"],"_links":{"self":[{"href":"https:\/\/schuetzenkreis23.de\/index.php?rest_route=\/wp\/v2\/pages\/12","targetHints":{"allow":["GET"]}}],"collection":[{"href":"https:\/\/schuetzenkreis23.de\/index.php?rest_route=\/wp\/v2\/pages"}],"about":[{"href":"https:\/\/schuetzenkreis23.de\/index.php?rest_route=\/wp\/v2\/types\/page"}],"author":[{"embeddable":true,"href":"https:\/\/schuetzenkreis23.de\/index.php?rest_route=\/wp\/v2\/users\/1"}],"replies":[{"embeddable":true,"href":"https:\/\/schuetzenkreis23.de\/index.php?rest_route=%2Fwp%2Fv2%2Fcomments&post=12"}],"version-history":[{"count":8,"href":"https:\/\/schuetzenkreis23.de\/index.php?rest_route=\/wp\/v2\/pages\/12\/revisions"}],"predecessor-version":[{"id":484,"href":"https:\/\/schuetzenkreis23.de\/index.php?rest_route=\/wp\/v2\/pages\/12\/revisions\/484"}],"wp:attachment":[{"href":"https:\/\/schuetzenkreis23.de\/index.php?rest_route=%2Fwp%2Fv2%2Fmedia&parent=12"}],"curies":[{"name":"wp","href":"https:\/\/api.w.org\/{rel}","templated":true}]}}