{"id":1006,"date":"2018-09-20T23:43:53","date_gmt":"2018-09-20T21:43:53","guid":{"rendered":"http:\/\/schuetzenkreis23.de\/?page_id=1006"},"modified":"2019-09-27T01:49:42","modified_gmt":"2019-09-26T23:49:42","slug":"archiv-kreiskoenige","status":"publish","type":"page","link":"https:\/\/schuetzenkreis23.de\/?page_id=1006","title":{"rendered":"Archiv Kreisk\u00f6nige"},"content":{"rendered":"<p><span style=\"font-size: 18pt; color: #3366ff;\"><b>Kreisk\u00f6niginnen und Kreisk\u00f6nige des Sch\u00fctzenkreises 2300<\/b><\/span><\/p>\n<table style=\"width: 632.933px;\">\n<tbody>\n<tr>\n<td style=\"width: 106px;\"><b>1957 &#8211; 1958<\/b><\/td>\n<td style=\"width: 189px;\"><b>Franz Schwering<\/b><\/td>\n<td style=\"width: 314.933px;\"><b>SV Adler 1929 e.V.<\/b><\/td>\n<\/tr>\n<tr>\n<td style=\"width: 106px;\"><b>1958 &#8211; 1959<\/b><\/td>\n<td style=\"width: 189px;\"><b>Bruno Kr\u00fcmpelmann<\/b><\/td>\n<td style=\"width: 314.933px;\"><b>Kommissarisch SV Adler<\/b><\/td>\n<\/tr>\n<tr>\n<td style=\"width: 106px;\"><b>1959 &#8211; 1960<\/b><\/td>\n<td style=\"width: 189px;\"><b>Gustav Holtkotte<\/b><\/td>\n<td style=\"width: 314.933px;\"><b>BSV Erle-Middelich 1896 e.V.<\/b><\/td>\n<\/tr>\n<tr>\n<td style=\"width: 106px;\"><b>1960 &#8211; 1967<\/b><\/td>\n<td style=\"width: 189px;\"><b>Bruno Kr\u00fcmpelmann<\/b><\/td>\n<td style=\"width: 314.933px;\"><b>SV Adler 1929 e.V.<\/b><\/td>\n<\/tr>\n<tr>\n<td style=\"width: 106px;\"><b>1967 &#8211; 1972<\/b><\/td>\n<td style=\"width: 189px;\"><b>Hans Hacke<\/b><\/td>\n<td style=\"width: 314.933px;\"><b>SV Buer 1769 e.V.<\/b><\/td>\n<\/tr>\n<tr>\n<td style=\"width: 106px;\"><b>1972 &#8211; 1987<\/b><\/td>\n<td style=\"width: 189px;\"><b>Hans Worm<\/b><\/td>\n<td style=\"width: 314.933px;\"><b>SV Adler 1929 e.V.<\/b><\/td>\n<\/tr>\n<tr>\n<td style=\"width: 106px;\"><b>1987 &#8211; 1989<\/b><\/td>\n<td style=\"width: 189px;\"><b>G\u00fcnter Breuckmann<\/b><\/td>\n<td style=\"width: 314.933px;\"><b>SV Buer 1769 e.V.<\/b><\/td>\n<\/tr>\n<tr>\n<td style=\"width: 106px;\"><b>1989 &#8211; 1991<\/b><\/td>\n<td style=\"width: 189px;\"><b>Doris Gruttmann<\/b><\/td>\n<td style=\"width: 314.933px;\"><b>BSV Buer-B\u00fclse 1926 e.V.<\/b><\/td>\n<\/tr>\n<tr>\n<td style=\"width: 106px;\"><b>1991 &#8211; 1994<\/b><\/td>\n<td style=\"width: 189px;\"><b>Josef Schubert<\/b><\/td>\n<td style=\"width: 314.933px;\"><b>BSV Neustadt 1929 e.V.<\/b><\/td>\n<\/tr>\n<tr>\n<td style=\"width: 106px;\"><b>1994 &#8211; 1996<\/b><\/td>\n<td style=\"width: 189px;\"><b>Volker Gatzemeier<\/b><\/td>\n<td style=\"width: 314.933px;\"><b>SV Buer 1769 e.V.<\/b><\/td>\n<\/tr>\n<tr>\n<td style=\"width: 106px;\"><b>1996 &#8211; 1998<\/b><\/td>\n<td style=\"width: 189px;\"><b>Irmgard Reinders<\/b><\/td>\n<td style=\"width: 314.933px;\"><b>BSV Buer-B\u00fclse 1926 e.V.<\/b><\/td>\n<\/tr>\n<tr>\n<td style=\"width: 106px;\"><b>1998 &#8211; 2000<\/b><\/td>\n<td style=\"width: 189px;\"><b>Dieter Begel<\/b><\/td>\n<td style=\"width: 314.933px;\"><b>BSV Buer-B\u00fclse 1926 e.V.<\/b><\/td>\n<\/tr>\n<tr>\n<td style=\"width: 106px;\"><b>2000 &#8211; 2002<\/b><\/td>\n<td style=\"width: 189px;\"><b>Gerd Woznitza<\/b><\/td>\n<td style=\"width: 314.933px;\"><b>BSV Schalke 1934 e.V.<\/b><\/td>\n<\/tr>\n<tr>\n<td style=\"width: 106px;\"><b>2002 &#8211; 2004<\/b><\/td>\n<td style=\"width: 189px;\"><b>Ingrid Hirsekorn<\/b><\/td>\n<td style=\"width: 314.933px;\"><b>BSV Schalke 1934 e.V.<\/b><\/td>\n<\/tr>\n<tr>\n<td style=\"width: 106px;\"><b>2004 &#8211; 2007<\/b><\/td>\n<td style=\"width: 189px;\"><b>Ingrid Sackenreuther<\/b><\/td>\n<td style=\"width: 314.933px;\"><b>BSV Rotthausen<\/b><\/td>\n<\/tr>\n<tr>\n<td style=\"width: 106px;\"><b>2007 &#8211; 2009<\/b><\/td>\n<td style=\"width: 189px;\"><b>Doris Gruttmann<\/b><\/td>\n<td style=\"width: 314.933px;\"><b>BSV Buer-B\u00fclse 1926 e.V.<\/b><\/td>\n<\/tr>\n<tr>\n<td style=\"width: 106px;\"><b>2009 &#8211; 2011<\/b><\/td>\n<td style=\"width: 189px;\"><b>Ingrid Sackenreuther<\/b><\/td>\n<td style=\"width: 314.933px;\"><b>BSV Rotthausen<\/b><\/td>\n<\/tr>\n<tr>\n<td style=\"width: 106px;\"><b>2011 &#8211; 2013<\/b><\/td>\n<td style=\"width: 189px;\"><b>Maren Dohmann<\/b><\/td>\n<td style=\"width: 314.933px;\"><b>BSV Erle-Middelich 1896 e.V.<\/b><\/td>\n<\/tr>\n<tr>\n<td style=\"width: 106px;\"><b>2013 &#8211; 2016<\/b><\/td>\n<td style=\"width: 189px;\"><b>J\u00fcrgen Sandow<\/b><\/td>\n<td style=\"width: 314.933px;\"><b>SV Polsum 1718 e.V.<\/b><\/td>\n<\/tr>\n<tr>\n<td style=\"width: 106px;\"><b>2016 &#8211; 2018<\/b><\/td>\n<td style=\"width: 189px;\"><b>J\u00fcrgen Kuhlmann<\/b><\/td>\n<td style=\"width: 314.933px;\"><b>SV Polsum 1718 e.V.<\/b><\/td>\n<\/tr>\n<tr>\n<td style=\"width: 106px;\"><b>2018 &#8211; 2020<\/b><\/td>\n<td style=\"width: 189px;\"><b>Monika Jeske<\/b><\/td>\n<td style=\"width: 314.933px;\"><b>SV Buer 1769 e.V.<\/b><\/td>\n<\/tr>\n<tr>\n<td style=\"width: 106px;\"><strong>2020-2022<\/strong><b><br \/>\n<\/b><\/td>\n<td style=\"width: 189px;\"><b>\u00a0?????<\/b><\/td>\n<td style=\"width: 314.933px;\"><b>\u00a0<\/b><\/td>\n<\/tr>\n<\/tbody>\n<\/table>\n<p><span style=\"color: #3366ff;\"><b><span style=\"font-size: 18pt;\">Landesk\u00f6nige im Westf\u00e4lischen Sch\u00fctzenbund <\/span><\/b><\/span><\/p>\n<p><b><span style=\"font-size: 18pt; color: #3366ff;\">aus dem Sch\u00fctzenkreis 2300<\/span><br \/>\n<\/b><\/p>\n<p><strong>1977\u00a0\u00a0 \u00a0\u00a0\u00a0\u00a0\u00a0\u00a0\u00a0\u00a0 Hans Worm\u00a0\u00a0\u00a0\u00a0\u00a0\u00a0\u00a0\u00a0 \u00a0\u00a0\u00a0\u00a0\u00a0\u00a0\u00a0\u00a0 \u00a0\u00a0\u00a0\u00a0\u00a0\u00a0\u00a0\u00a0 Sch\u00fctzenkreis 2300<\/strong><\/p>\n<p><strong>1995 \u00a0\u00a0\u00a0\u00a0\u00a0\u00a0\u00a0\u00a0\u00a0 Dieter Begel \u00a0\u00a0\u00a0\u00a0\u00a0\u00a0\u00a0\u00a0 \u00a0\u00a0\u00a0\u00a0\u00a0\u00a0\u00a0\u00a0 \u00a0\u00a0\u00a0\u00a0\u00a0\u00a0\u00a0 BSV Buer-B\u00fclse 1926 e.V.<br \/>\n<\/strong><\/p>\n<p><strong>1999\u00a0\u00a0\u00a0\u00a0\u00a0\u00a0\u00a0\u00a0\u00a0 Wolfgang Broekmann\u00a0\u00a0\u00a0\u00a0\u00a0\u00a0\u00a0 Burhofsch\u00fctzen Scholve<\/strong>n<\/p>\n","protected":false},"excerpt":{"rendered":"<p>Kreisk\u00f6niginnen und Kreisk\u00f6nige des Sch\u00fctzenkreises 2300 1957 &#8211; 1958 Franz Schwering SV Adler 1929 e.V. 1958 &#8211; 1959 Bruno Kr\u00fcmpelmann<\/p>\n","protected":false},"author":4,"featured_media":0,"parent":0,"menu_order":0,"comment_status":"closed","ping_status":"closed","template":"","meta":{"footnotes":""},"class_list":["post-1006","page","type-page","status-publish","hentry"],"_links":{"self":[{"href":"https:\/\/schuetzenkreis23.de\/index.php?rest_route=\/wp\/v2\/pages\/1006","targetHints":{"allow":["GET"]}}],"collection":[{"href":"https:\/\/schuetzenkreis23.de\/index.php?rest_route=\/wp\/v2\/pages"}],"about":[{"href":"https:\/\/schuetzenkreis23.de\/index.php?rest_route=\/wp\/v2\/types\/page"}],"author":[{"embeddable":true,"href":"https:\/\/schuetzenkreis23.de\/index.php?rest_route=\/wp\/v2\/users\/4"}],"replies":[{"embeddable":true,"href":"https:\/\/schuetzenkreis23.de\/index.php?rest_route=%2Fwp%2Fv2%2Fcomments&post=1006"}],"version-history":[{"count":6,"href":"https:\/\/schuetzenkreis23.de\/index.php?rest_route=\/wp\/v2\/pages\/1006\/revisions"}],"predecessor-version":[{"id":1223,"href":"https:\/\/schuetzenkreis23.de\/index.php?rest_route=\/wp\/v2\/pages\/1006\/revisions\/1223"}],"wp:attachment":[{"href":"https:\/\/schuetzenkreis23.de\/index.php?rest_route=%2Fwp%2Fv2%2Fmedia&parent=1006"}],"curies":[{"name":"wp","href":"https:\/\/api.w.org\/{rel}","templated":true}]}}